{"id":703,"date":"2017-10-14T13:15:40","date_gmt":"2017-10-14T16:15:40","guid":{"rendered":"http:\/\/demo.zozothemes.com\/induzy\/?page_id=703"},"modified":"2019-01-29T09:37:59","modified_gmt":"2019-01-29T11:37:59","slug":"servicos","status":"publish","type":"page","link":"https:\/\/montemil.com.br\/site\/servicos\/","title":{"rendered":"Servi\u00e7os"},"content":{"rendered":"<p>[vc_row css=&#8221;.vc_custom_1524223510012{padding-top: 0px !important;padding-bottom: 0px !important;}&#8221;][vc_column]<div class=\"services-wrapper services-1 services-light\" data-css=\"&quot;&quot;\"><div class=\"row\"><div class=\"col-lg-3 col-md-6\"><div class=\"services-inner\"><div class=\"services-title\"><h4><a href=\"https:\/\/montemil.com.br\/site\/servicos\/montagem-de-sistema-de-transporte\/\" class=\"entry-title\">Montagem de sistema de transporte<\/a><\/h4><\/div><!-- .services-title --><div class=\"services-excerpt\"><\/div><!-- .services-excerpt --><div class=\"services-read-more\"><a href=\"https:\/\/montemil.com.br\/site\/servicos\/montagem-de-sistema-de-transporte\/\" class=\"read-more btn btn-default\">Saiba mais<\/a><\/div><!-- .services-read-more --><\/div><!-- .services-inner --><\/div><!-- .cols --><div class=\"col-lg-3 col-md-6\"><div class=\"services-inner\"><div class=\"services-title\"><h4><a href=\"https:\/\/montemil.com.br\/site\/servicos\/montagem-de-tubulacoes\/\" class=\"entry-title\">Montagem de tubula\u00e7\u00f5es<\/a><\/h4><\/div><!-- .services-title --><div class=\"services-excerpt\"><\/div><!-- .services-excerpt --><div class=\"services-read-more\"><a href=\"https:\/\/montemil.com.br\/site\/servicos\/montagem-de-tubulacoes\/\" class=\"read-more btn btn-default\">Saiba mais<\/a><\/div><!-- .services-read-more --><\/div><!-- .services-inner --><\/div><!-- .cols --><div class=\"col-lg-3 col-md-6\"><div class=\"services-inner\"><div class=\"services-title\"><h4><a href=\"https:\/\/montemil.com.br\/site\/servicos\/montagem-de-linha-de-producao\/\" class=\"entry-title\">Montagem de linha de produ\u00e7\u00e3o<\/a><\/h4><\/div><!-- .services-title --><div class=\"services-excerpt\"><\/div><!-- .services-excerpt --><div class=\"services-read-more\"><a href=\"https:\/\/montemil.com.br\/site\/servicos\/montagem-de-linha-de-producao\/\" class=\"read-more btn btn-default\">Saiba mais<\/a><\/div><!-- .services-read-more --><\/div><!-- .services-inner --><\/div><!-- .cols --><div class=\"col-lg-3 col-md-6\"><div class=\"services-inner\"><div class=\"services-title\"><h4><a href=\"https:\/\/montemil.com.br\/site\/servicos\/estufas-cozimento\/\" class=\"entry-title\">Montagem de estufas de cozimento<\/a><\/h4><\/div><!-- .services-title --><div class=\"services-excerpt\"><\/div><!-- .services-excerpt --><div class=\"services-read-more\"><a href=\"https:\/\/montemil.com.br\/site\/servicos\/estufas-cozimento\/\" class=\"read-more btn btn-default\">Saiba mais<\/a><\/div><!-- .services-read-more --><\/div><!-- .services-inner --><\/div><!-- .cols --><\/div><!-- .row --><\/div><!-- .services-wrapper -->[\/vc_column][\/vc_row]<\/p>\n","protected":false},"excerpt":{"rendered":"<p>[vc_row css=&#8221;.vc_custom_1524223510012{padding-top: 0px !important;padding-bottom: 0px !important;}&#8221;][vc_column][\/vc_column][\/vc_row]<\/p>\n","protected":false},"author":1,"featured_media":0,"parent":0,"menu_order":0,"comment_status":"closed","ping_status":"closed","template":"","meta":{"_joinchat":[],"footnotes":""},"class_list":["post-703","page","type-page","status-publish","hentry"],"yoast_head":"<!-- This site is optimized with the Yoast SEO plugin v27.4 - https:\/\/yoast.com\/product\/yoast-seo-wordpress\/ -->\n<title>Nossos Servi\u00e7os - Montemil Industrial<\/title>\n<meta name=\"description\" content=\"Conhe\u00e7a os nossos servi\u00e7os. Montagem de sistema de transporte, Montagem de tubula\u00e7\u00f5es, Montagem de linha de produ\u00e7\u00e3o e Montagem de estufas de cozimento.\" \/>\n<meta name=\"robots\" content=\"index, follow, max-snippet:-1, max-image-preview:large, max-video-preview:-1\" \/>\n<link rel=\"canonical\" href=\"https:\/\/montemil.com.br\/site\/servicos\/\" \/>\n<meta property=\"og:locale\" content=\"pt_BR\" \/>\n<meta property=\"og:type\" content=\"article\" \/>\n<meta property=\"og:title\" content=\"Nossos Servi\u00e7os - Montemil Industrial\" \/>\n<meta property=\"og:description\" content=\"Conhe\u00e7a os nossos servi\u00e7os. Montagem de sistema de transporte, Montagem de tubula\u00e7\u00f5es, Montagem de linha de produ\u00e7\u00e3o e Montagem de estufas de cozimento.\" \/>\n<meta property=\"og:url\" content=\"https:\/\/montemil.com.br\/site\/servicos\/\" \/>\n<meta property=\"og:site_name\" content=\"Montemil Industrial\" \/>\n<meta property=\"article:publisher\" content=\"https:\/\/pt-br.facebook.com\/montemil.industrial\" \/>\n<meta property=\"article:modified_time\" content=\"2019-01-29T11:37:59+00:00\" \/>\n<meta name=\"twitter:card\" content=\"summary_large_image\" \/>\n<script type=\"application\/ld+json\" class=\"yoast-schema-graph\">{\"@context\":\"https:\\\/\\\/schema.org\",\"@graph\":[{\"@type\":\"WebPage\",\"@id\":\"https:\\\/\\\/montemil.com.br\\\/site\\\/servicos\\\/\",\"url\":\"https:\\\/\\\/montemil.com.br\\\/site\\\/servicos\\\/\",\"name\":\"Nossos Servi\u00e7os - Montemil Industrial\",\"isPartOf\":{\"@id\":\"https:\\\/\\\/montemil.com.br\\\/site\\\/#website\"},\"datePublished\":\"2017-10-14T16:15:40+00:00\",\"dateModified\":\"2019-01-29T11:37:59+00:00\",\"description\":\"Conhe\u00e7a os nossos servi\u00e7os. Montagem de sistema de transporte, Montagem de tubula\u00e7\u00f5es, Montagem de linha de produ\u00e7\u00e3o e Montagem de estufas de cozimento.\",\"breadcrumb\":{\"@id\":\"https:\\\/\\\/montemil.com.br\\\/site\\\/servicos\\\/#breadcrumb\"},\"inLanguage\":\"pt-BR\",\"potentialAction\":[{\"@type\":\"ReadAction\",\"target\":[\"https:\\\/\\\/montemil.com.br\\\/site\\\/servicos\\\/\"]}]},{\"@type\":\"BreadcrumbList\",\"@id\":\"https:\\\/\\\/montemil.com.br\\\/site\\\/servicos\\\/#breadcrumb\",\"itemListElement\":[{\"@type\":\"ListItem\",\"position\":1,\"name\":\"In\u00edcio\",\"item\":\"https:\\\/\\\/montemil.com.br\\\/site\\\/\"},{\"@type\":\"ListItem\",\"position\":2,\"name\":\"Servi\u00e7os\"}]},{\"@type\":\"WebSite\",\"@id\":\"https:\\\/\\\/montemil.com.br\\\/site\\\/#website\",\"url\":\"https:\\\/\\\/montemil.com.br\\\/site\\\/\",\"name\":\"Montemil Industrial\",\"description\":\"Equipamentos e Servi\u00e7os Industriais\",\"publisher\":{\"@id\":\"https:\\\/\\\/montemil.com.br\\\/site\\\/#organization\"},\"potentialAction\":[{\"@type\":\"SearchAction\",\"target\":{\"@type\":\"EntryPoint\",\"urlTemplate\":\"https:\\\/\\\/montemil.com.br\\\/site\\\/?s={search_term_string}\"},\"query-input\":{\"@type\":\"PropertyValueSpecification\",\"valueRequired\":true,\"valueName\":\"search_term_string\"}}],\"inLanguage\":\"pt-BR\"},{\"@type\":\"Organization\",\"@id\":\"https:\\\/\\\/montemil.com.br\\\/site\\\/#organization\",\"name\":\"Montemil Industrial\",\"url\":\"https:\\\/\\\/montemil.com.br\\\/site\\\/\",\"logo\":{\"@type\":\"ImageObject\",\"inLanguage\":\"pt-BR\",\"@id\":\"https:\\\/\\\/montemil.com.br\\\/site\\\/#\\\/schema\\\/logo\\\/image\\\/\",\"url\":\"https:\\\/\\\/montemil.com.br\\\/site\\\/wp-content\\\/uploads\\\/2018\\\/09\\\/cropped-cropped-cropped-cropped-logo-240.png\",\"contentUrl\":\"https:\\\/\\\/montemil.com.br\\\/site\\\/wp-content\\\/uploads\\\/2018\\\/09\\\/cropped-cropped-cropped-cropped-logo-240.png\",\"width\":240,\"height\":55,\"caption\":\"Montemil Industrial\"},\"image\":{\"@id\":\"https:\\\/\\\/montemil.com.br\\\/site\\\/#\\\/schema\\\/logo\\\/image\\\/\"},\"sameAs\":[\"https:\\\/\\\/pt-br.facebook.com\\\/montemil.industrial\",\"https:\\\/\\\/br.linkedin.com\\\/company\\\/montemil-industrial\",\"https:\\\/\\\/www.youtube.com\\\/c\\\/MontemilBr\"]}]}<\/script>\n<!-- \/ Yoast SEO plugin. -->","yoast_head_json":{"title":"Nossos Servi\u00e7os - Montemil Industrial","description":"Conhe\u00e7a os nossos servi\u00e7os. Montagem de sistema de transporte, Montagem de tubula\u00e7\u00f5es, Montagem de linha de produ\u00e7\u00e3o e Montagem de estufas de cozimento.","robots":{"index":"index","follow":"follow","max-snippet":"max-snippet:-1","max-image-preview":"max-image-preview:large","max-video-preview":"max-video-preview:-1"},"canonical":"https:\/\/montemil.com.br\/site\/servicos\/","og_locale":"pt_BR","og_type":"article","og_title":"Nossos Servi\u00e7os - Montemil Industrial","og_description":"Conhe\u00e7a os nossos servi\u00e7os. Montagem de sistema de transporte, Montagem de tubula\u00e7\u00f5es, Montagem de linha de produ\u00e7\u00e3o e Montagem de estufas de cozimento.","og_url":"https:\/\/montemil.com.br\/site\/servicos\/","og_site_name":"Montemil Industrial","article_publisher":"https:\/\/pt-br.facebook.com\/montemil.industrial","article_modified_time":"2019-01-29T11:37:59+00:00","twitter_card":"summary_large_image","schema":{"@context":"https:\/\/schema.org","@graph":[{"@type":"WebPage","@id":"https:\/\/montemil.com.br\/site\/servicos\/","url":"https:\/\/montemil.com.br\/site\/servicos\/","name":"Nossos Servi\u00e7os - Montemil Industrial","isPartOf":{"@id":"https:\/\/montemil.com.br\/site\/#website"},"datePublished":"2017-10-14T16:15:40+00:00","dateModified":"2019-01-29T11:37:59+00:00","description":"Conhe\u00e7a os nossos servi\u00e7os. Montagem de sistema de transporte, Montagem de tubula\u00e7\u00f5es, Montagem de linha de produ\u00e7\u00e3o e Montagem de estufas de cozimento.","breadcrumb":{"@id":"https:\/\/montemil.com.br\/site\/servicos\/#breadcrumb"},"inLanguage":"pt-BR","potentialAction":[{"@type":"ReadAction","target":["https:\/\/montemil.com.br\/site\/servicos\/"]}]},{"@type":"BreadcrumbList","@id":"https:\/\/montemil.com.br\/site\/servicos\/#breadcrumb","itemListElement":[{"@type":"ListItem","position":1,"name":"In\u00edcio","item":"https:\/\/montemil.com.br\/site\/"},{"@type":"ListItem","position":2,"name":"Servi\u00e7os"}]},{"@type":"WebSite","@id":"https:\/\/montemil.com.br\/site\/#website","url":"https:\/\/montemil.com.br\/site\/","name":"Montemil Industrial","description":"Equipamentos e Servi\u00e7os Industriais","publisher":{"@id":"https:\/\/montemil.com.br\/site\/#organization"},"potentialAction":[{"@type":"SearchAction","target":{"@type":"EntryPoint","urlTemplate":"https:\/\/montemil.com.br\/site\/?s={search_term_string}"},"query-input":{"@type":"PropertyValueSpecification","valueRequired":true,"valueName":"search_term_string"}}],"inLanguage":"pt-BR"},{"@type":"Organization","@id":"https:\/\/montemil.com.br\/site\/#organization","name":"Montemil Industrial","url":"https:\/\/montemil.com.br\/site\/","logo":{"@type":"ImageObject","inLanguage":"pt-BR","@id":"https:\/\/montemil.com.br\/site\/#\/schema\/logo\/image\/","url":"https:\/\/montemil.com.br\/site\/wp-content\/uploads\/2018\/09\/cropped-cropped-cropped-cropped-logo-240.png","contentUrl":"https:\/\/montemil.com.br\/site\/wp-content\/uploads\/2018\/09\/cropped-cropped-cropped-cropped-logo-240.png","width":240,"height":55,"caption":"Montemil Industrial"},"image":{"@id":"https:\/\/montemil.com.br\/site\/#\/schema\/logo\/image\/"},"sameAs":["https:\/\/pt-br.facebook.com\/montemil.industrial","https:\/\/br.linkedin.com\/company\/montemil-industrial","https:\/\/www.youtube.com\/c\/MontemilBr"]}]}},"guten_post_layout_featured_media_urls":{"full":false,"thumbnail":false,"medium":false,"medium_large":false,"large":false,"1536x1536":false,"2048x2048":false,"pl-blogpost-landscape":false,"pl-blogpost-square":false,"guten_post_layout_landscape_large":false,"guten_post_layout_portrait_large":false,"guten_post_layout_square_large":false,"guten_post_layout_landscape":false,"guten_post_layout_portrait":false,"guten_post_layout_square":false,"induzy-grid-large":false,"induzy-grid-medium":false,"induzy-grid-small":false,"iy-team-medium":false},"_links":{"self":[{"href":"https:\/\/montemil.com.br\/site\/wp-json\/wp\/v2\/pages\/703","targetHints":{"allow":["GET"]}}],"collection":[{"href":"https:\/\/montemil.com.br\/site\/wp-json\/wp\/v2\/pages"}],"about":[{"href":"https:\/\/montemil.com.br\/site\/wp-json\/wp\/v2\/types\/page"}],"author":[{"embeddable":true,"href":"https:\/\/montemil.com.br\/site\/wp-json\/wp\/v2\/users\/1"}],"replies":[{"embeddable":true,"href":"https:\/\/montemil.com.br\/site\/wp-json\/wp\/v2\/comments?post=703"}],"version-history":[{"count":2,"href":"https:\/\/montemil.com.br\/site\/wp-json\/wp\/v2\/pages\/703\/revisions"}],"predecessor-version":[{"id":3644,"href":"https:\/\/montemil.com.br\/site\/wp-json\/wp\/v2\/pages\/703\/revisions\/3644"}],"wp:attachment":[{"href":"https:\/\/montemil.com.br\/site\/wp-json\/wp\/v2\/media?parent=703"}],"curies":[{"name":"wp","href":"https:\/\/api.w.org\/{rel}","templated":true}]}}