{"id":458,"date":"2017-10-09T13:13:37","date_gmt":"2017-10-09T16:13:37","guid":{"rendered":"http:\/\/demo.zozothemes.com\/induzy\/?page_id=458"},"modified":"2024-05-23T11:23:42","modified_gmt":"2024-05-23T14:23:42","slug":"sobre-empresa","status":"publish","type":"page","link":"https:\/\/montemil.com.br\/site\/sobre-empresa\/","title":{"rendered":"Empresa"},"content":{"rendered":"<p>[vc_row][vc_column offset=&#8221;vc_col-lg-6 vc_col-md-6&#8243;]<div class=\"section-title-wrapper shortcode-rand-1 induzy-inline-css\" data-css=\"&quot;.shortcode-rand-1 .title-separator.separator-border { background-color: ; }.shortcode-rand-1 .section-title { text-transform: none; }&quot;\"><div class=\"title-wrap\"><h2 class=\"section-title\">N\u00f3s somos <span class=\"title-suffix theme-color\">Montemil<\/span><\/h2><span class=\"title-separator separator-border theme-color-bg\"><\/span><\/div><!-- .title-wrap --><div class=\"section-description\">A hist\u00f3ria da Montemil Industrial teve seu inicio em 1986, com a presta\u00e7\u00e3o de servi\u00e7os especializados de montagem e manuten\u00e7\u00e3o industrial de frigor\u00edficos. A experi\u00eancia de trabalho na \u00e1rea possibilitou a abertura de um novo mercado. A partir de 1995, a empresa passou a prestar o servi\u00e7o de reposi\u00e7\u00e3o de pe\u00e7as com produ\u00e7\u00e3o pr\u00f3pria.<\/p>\n<p>A Montemil tomou com base o desenvolvimento de seus grandes clientes do setor para firmar sua trajet\u00f3ria no meio. Assim, no ano de 2000, iniciou a produ\u00e7\u00e3o de maquin\u00e1rio pr\u00f3prio, assegurando a mesma qualidade j\u00e1 reconhecida no segmento.<\/div><!-- .section-description --><\/div><!-- .section-title-wrapper --><div class=\"feature-box-wrapper feature-box-style-1 shortcode-rand-2 induzy-inline-css\" data-css=\"&quot;.shortcode-rand-2.feature-box-wrapper .section-title { color: #ffffff; }.shortcode-rand-2.feature-box-wrapper { color: #ffffff; }.shortcode-rand-2.feature-box-wrapper {background: -moz-linear-gradient(141deg,  0%,  51%,  75%);\\r\\n\\t\\t\\t\\tbackground: -webkit-linear-gradient(141deg,  0%,  51%,  75%);\\r\\n\\t\\t\\t\\tbackground: linear-gradient(141deg,  0%,  51%,  75%);}.shortcode-rand-2:hover .feature-box-icon { background: none; }&quot;\" ><div class=\"feature-box-title\"><h2 class=\"section-title\"><\/h2><\/div><!-- .feature-box-title --><div class=\"feature-box-btn\"><a class=\"btn default\" href=\"http:\/\/www.montemil.com.br\/site\/nossa-historia\/\" title=\"Saiba mais\">Saiba mais<\/a><\/div><!-- .feature-box-btn --><\/div><!-- .feature-box-wrapper -->[\/vc_column][vc_column offset=&#8221;vc_col-lg-6 vc_col-md-6&#8243;][vc_text_separator title=&#8221;V\u00eddeo Institucional&#8221;][vc_raw_html]JTNDdmlkZW8lMjB3aWR0aCUzRCUyMjY0MCUyMiUyMGhlaWdodCUzRCUyMjQ4MCUyMmElMjBhdXRvcGxheSUyMGxvb3AlM0UlMEElMjAlMjAlM0Nzb3VyY2UlMjBzcmMlM0QlMjJodHRwJTNBJTJGJTJGd3d3Lm1vbnRlbWlsLmNvbS5iciUyRnNpdGUlMkZ3cC1jb250ZW50JTJGdXBsb2FkcyUyRjIwMTglMkYxMSUyRk1vbnRlbWlsLUluZHVzdHJpYWwtTm92by5tcDQlMjIlMjB0eXBlJTNEJTIydmlkZW8lMkZtcDQlMjIlM0UlMEElMjAlMjBFc3RlJTIwbmF2ZWdhZG9yJTIwbiVDMyVBM28lMjBzdXBvcnRhJTIwSFRNTDUlMjB2aWRlbyUyQyUyMHBvciUyMGZhdm9yJTIwdXRpbGxpemUlMjBvdXRyby4lMEElM0MlMkZ2aWRlbyUzRQ==[\/vc_raw_html][\/vc_column][\/vc_row][vc_row full_width=&#8221;stretch_row&#8221; css=&#8221;.vc_custom_1542807808626{background-color: #f7f7f7 !important;}&#8221;][vc_column][vc_tta_tabs style=&#8221;flat&#8221; shape=&#8221;square&#8221; gap=&#8221;15&#8243; active_section=&#8221;1&#8243; no_fill_content_area=&#8221;true&#8221;][vc_tta_section i_icon_fontawesome=&#8221;fa fa-eye&#8221; add_icon=&#8221;true&#8221; title=&#8221;Vis\u00e3o&#8221; tab_id=&#8221;1523519632280-48c2883f-c156&#8243;][vc_column_text]A Montemil ambiciona ser reconhecida pelo mercado brasileiro como a melhor op\u00e7\u00e3o em nacionaliza\u00e7\u00e3o e desenvolvimentos de pe\u00e7as e m\u00e1quinas especiais para ind\u00fastrias aliment\u00edcias e segmentos afins.[\/vc_column_text][\/vc_tta_section][vc_tta_section i_icon_fontawesome=&#8221;fa fa-flag&#8221; add_icon=&#8221;true&#8221; title=&#8221;Miss\u00e3o&#8221; tab_id=&#8221;1523614535367-b8229b75-110e&#8221;][vc_column_text]Cabe-nos criar, desenvolver, fabricar e comercializar produtos e servi\u00e7os para atender \u00e0s expectativas do mercado. O objetivo \u00e9 ser uma empresa de sucesso, buscando superar as expectativas dos clientes e assim, fazer da marca Montemil uma refer\u00eancia no setor.[\/vc_column_text][\/vc_tta_section][vc_tta_section i_icon_fontawesome=&#8221;fa fa-users&#8221; add_icon=&#8221;true&#8221; title=&#8221;Valores&#8221; tab_id=&#8221;1523614534056-8942216c-88cd&#8221;][vc_column_text]Contamos com uma equipe de profissionais das \u00e1reas de Engenharia, Projetos, Design Industrial, Administra\u00e7\u00e3o, Contabilidade, Direito, RH, Seguran\u00e7a do Trabalho e TI, onde todos est\u00e3o em constante atualiza\u00e7\u00e3o e aperfei\u00e7oamento frente \u00e0s emergentes necessidades do mercado competitivo.[\/vc_column_text][\/vc_tta_section][vc_tta_section i_icon_fontawesome=&#8221;fa fa-bullseye&#8221; add_icon=&#8221;true&#8221; title=&#8221;Objetivo&#8221; tab_id=&#8221;1542808444364-a09a19e0-ead0&#8243;][vc_column_text]A busca de toda organiza\u00e7\u00e3o empresarial \u00e9 agregar valor aos seus neg\u00f3cios, reduzindo seus custos sem prejudicar a qualidade dos produtos oferecidos. Assim, a fun\u00e7\u00e3o do projeto \u00e9 fornecer o m\u00e1ximo de informa\u00e7\u00e3o poss\u00edvel para os setores de administra\u00e7\u00e3o e produ\u00e7\u00e3o, possibilitando, assim, a competitividade dos seus produtos no mercado nacional e internacional.[\/vc_column_text][\/vc_tta_section][vc_tta_section i_icon_fontawesome=&#8221;fa fa-shield&#8221; add_icon=&#8221;true&#8221; title=&#8221;Seguran\u00e7a&#8221; tab_id=&#8221;1542808495372-ced3398e-ef0a&#8221;][vc_column_text]A Montemil possui uma estrutura especializada em desenvolver projetos de desempenho produtivo, possuindo na sua unidade fabril um departamento de consultoria formado por uma equipe de administradores e engenheiros altamente treinados para a elabora\u00e7\u00e3o e desenvolvimento dos projetos.[\/vc_column_text][\/vc_tta_section][\/vc_tta_tabs][\/vc_column][\/vc_row][vc_row full_width=&#8221;stretch_row&#8221; disable_element=&#8221;yes&#8221; css=&#8221;.vc_custom_1542807833527{background-color: #f7f7f7 !important;}&#8221;][vc_column width=&#8221;5\/12&#8243;][vc_single_image image=&#8221;3145&#8243; img_size=&#8221;full&#8221;][\/vc_column][vc_column width=&#8221;7\/12&#8243;][vc_tta_tabs style=&#8221;flat&#8221; shape=&#8221;square&#8221; gap=&#8221;15&#8243; active_section=&#8221;1&#8243; no_fill_content_area=&#8221;true&#8221;][vc_tta_section title=&#8221;OUR FACT&#8221; tab_id=&#8221;1542807816916-a3641c72-3072&#8243;][vc_column_text]At vero eos et accusamus et iusto odio dignissimos ducimus qui blanditiis praesentium voluptatum deleniti atque corrupti quos dolores et quas molestias excepturi sint occaecati cupiditate non provident, similique sunt in culpa qui officia deserunt mollitia animi, id est laborum et dolorum fuga.[\/vc_column_text][vc_row_inner][vc_column_inner width=&#8221;1\/3&#8243;]<div class=\"counter-wrapper counter-style-1 text-center shortcode-rand-3\" data-css=\"&quot;&quot;\"><div class=\"counter-value\"><h3><span class=\"counter-up\" data-count=\"32\">0<\/span><\/h3><\/div><!-- .counter-value --><div class=\"counter-title\"><h4>Years Experience<\/h4><\/div><!-- .counter-title --><\/div><!-- .counter-wrapper -->[\/vc_column_inner][vc_column_inner width=&#8221;1\/3&#8243;]<div class=\"counter-wrapper counter-style-1 text-center shortcode-rand-4\" data-css=\"&quot;&quot;\"><div class=\"counter-value\"><h3><span class=\"counter-up\" data-count=\"368\">0<\/span><\/h3><\/div><!-- .counter-value --><div class=\"counter-title\"><h4>Projects<\/h4><\/div><!-- .counter-title --><\/div><!-- .counter-wrapper -->[\/vc_column_inner][vc_column_inner width=&#8221;1\/3&#8243;]<div class=\"counter-wrapper counter-style-1 text-center shortcode-rand-5\" data-css=\"&quot;&quot;\"><div class=\"counter-value\"><h3><span class=\"counter-up\" data-count=\"989\">0<\/span><\/h3><\/div><!-- .counter-value --><div class=\"counter-title\"><h4>Happy Customers<\/h4><\/div><!-- .counter-title --><\/div><!-- .counter-wrapper -->[\/vc_column_inner][\/vc_row_inner][\/vc_tta_section][vc_tta_section title=&#8221;ADVANTAGES&#8221; tab_id=&#8221;1542807817266-ba00ec72-862a&#8221;][vc_column_text]At vero eos et accusamus et iusto odio dignissimos ducimus qui blanditiis praesentium voluptatum deleniti atque corrupti quos dolores et quas molestias excepturi sint occaecati cupiditate non provident, similique sunt in culpa qui officia deserunt mollitia animi, id est laborum et dolorum fuga.[\/vc_column_text][vc_row_inner][vc_column_inner width=&#8221;1\/3&#8243;]<div class=\"counter-wrapper counter-style-1 text-center shortcode-rand-6\" data-css=\"&quot;&quot;\"><div class=\"counter-value\"><h3><span class=\"counter-up\" data-count=\"365\">0<\/span><\/h3><\/div><!-- .counter-value --><div class=\"counter-title\"><h4>Projects Completed<\/h4><\/div><!-- .counter-title --><\/div><!-- .counter-wrapper -->[\/vc_column_inner][vc_column_inner width=&#8221;1\/3&#8243;]<div class=\"counter-wrapper counter-style-1 text-center shortcode-rand-7\" data-css=\"&quot;&quot;\"><div class=\"counter-value\"><h3><span class=\"counter-up\" data-count=\"68\">0<\/span><\/h3><\/div><!-- .counter-value --><div class=\"counter-title\"><h4>Consultants<\/h4><\/div><!-- .counter-title --><\/div><!-- .counter-wrapper -->[\/vc_column_inner][vc_column_inner width=&#8221;1\/3&#8243;]<div class=\"counter-wrapper counter-style-1 text-center shortcode-rand-8\" data-css=\"&quot;&quot;\"><div class=\"counter-value\"><h3><span class=\"counter-up\" data-count=\"164\">0<\/span><\/h3><\/div><!-- .counter-value --><div class=\"counter-title\"><h4>Awards Won<\/h4><\/div><!-- .counter-title --><\/div><!-- .counter-wrapper -->[\/vc_column_inner][\/vc_row_inner][\/vc_tta_section][vc_tta_section title=&#8221;OUR SKILLS&#8221; tab_id=&#8221;1542807817574-6eaf9c6c-3fca&#8221;][vc_column_text]At vero eos et accusamus et iusto odio dignissimos ducimus qui blanditiis praesentium voluptatum deleniti atque corrupti quos dolores et quas molestias excepturi sint occaecati cupiditate non provident, similique sunt in culpa.[\/vc_column_text][vc_row_inner css=&#8221;.vc_custom_1523622768026{padding-top: 15px !important;}&#8221;][vc_column_inner][vc_progress_bar values=&#8221;%5B%7B%22label%22%3A%22Agri%22%2C%22value%22%3A%2285%22%2C%22color%22%3A%22custom%22%2C%22customcolor%22%3A%22%232a2a2a%22%2C%22customtxtcolor%22%3A%22%23333333%22%7D%2C%7B%22label%22%3A%22Chemical%22%2C%22value%22%3A%2295%22%2C%22color%22%3A%22custom%22%2C%22customcolor%22%3A%22%232a2a2a%22%2C%22customtxtcolor%22%3A%22%23333333%22%7D%2C%7B%22label%22%3A%22Mechanical%22%2C%22value%22%3A%2276%22%2C%22color%22%3A%22custom%22%2C%22customcolor%22%3A%22%232a2a2a%22%2C%22customtxtcolor%22%3A%22%23333333%22%7D%5D&#8221; bgcolor=&#8221;custom&#8221; options=&#8221;striped&#8221; bar_style=&#8221;stack&#8221; units=&#8221;%&#8221; bar_height=&#8221;15&#8243; custombgcolor=&#8221;#fc8902&#8243;][\/vc_column_inner][\/vc_row_inner][\/vc_tta_section][\/vc_tta_tabs][\/vc_column][\/vc_row][vc_row disable_element=&#8221;yes&#8221;][vc_column][\/vc_column][\/vc_row]<\/p>\n","protected":false},"excerpt":{"rendered":"<p>[vc_row][vc_column offset=&#8221;vc_col-lg-6 vc_col-md-6&#8243;][\/vc_column][vc_column offset=&#8221;vc_col-lg-6 vc_col-md-6&#8243;][vc_text_separator title=&#8221;V\u00eddeo Institucional&#8221;][vc_raw_html]JTNDdmlkZW8lMjB3aWR0aCUzRCUyMjY0MCUyMiUyMGhlaWdodCUzRCUyMjQ4MCUyMmElMjBhdXRvcGxheSUyMGxvb3AlM0UlMEElMjAlMjAlM0Nzb3VyY2UlMjBzcmMlM0QlMjJodHRwJTNBJTJGJTJGd3d3Lm1vbnRlbWlsLmNvbS5iciUyRnNpdGUlMkZ3cC1jb250ZW50JTJGdXBsb2FkcyUyRjIwMTglMkYxMSUyRk1vbnRlbWlsLUluZHVzdHJpYWwtTm92by5tcDQlMjIlMjB0eXBlJTNEJTIydmlkZW8lMkZtcDQlMjIlM0UlMEElMjAlMjBFc3RlJTIwbmF2ZWdhZG9yJTIwbiVDMyVBM28lMjBzdXBvcnRhJTIwSFRNTDUlMjB2aWRlbyUyQyUyMHBvciUyMGZhdm9yJTIwdXRpbGxpemUlMjBvdXRyby4lMEElM0MlMkZ2aWRlbyUzRQ==[\/vc_raw_html][\/vc_column][\/vc_row][vc_row full_width=&#8221;stretch_row&#8221; css=&#8221;.vc_custom_1542807808626{background-color: #f7f7f7 !important;}&#8221;][vc_column][vc_tta_tabs style=&#8221;flat&#8221; shape=&#8221;square&#8221; gap=&#8221;15&#8243; active_section=&#8221;1&#8243; no_fill_content_area=&#8221;true&#8221;][vc_tta_section i_icon_fontawesome=&#8221;fa fa-eye&#8221; add_icon=&#8221;true&#8221; title=&#8221;Vis\u00e3o&#8221; tab_id=&#8221;1523519632280-48c2883f-c156&#8243;][vc_column_text]A Montemil ambiciona ser reconhecida pelo mercado brasileiro como a melhor op\u00e7\u00e3o em nacionaliza\u00e7\u00e3o e desenvolvimentos de pe\u00e7as e m\u00e1quinas especiais para ind\u00fastrias aliment\u00edcias e segmentos afins.[\/vc_column_text][\/vc_tta_section][vc_tta_section i_icon_fontawesome=&#8221;fa fa-flag&#8221; add_icon=&#8221;true&#8221; title=&#8221;Miss\u00e3o&#8221; tab_id=&#8221;1523614535367-b8229b75-110e&#8221;][vc_column_text]Cabe-nos criar, desenvolver, fabricar<\/p>\n","protected":false},"author":1,"featured_media":0,"parent":0,"menu_order":0,"comment_status":"closed","ping_status":"closed","template":"","meta":{"_joinchat":[],"footnotes":""},"class_list":["post-458","page","type-page","status-publish","hentry"],"yoast_head":"<!-- This site is optimized with the Yoast SEO plugin v27.4 - https:\/\/yoast.com\/product\/yoast-seo-wordpress\/ -->\n<title>Sobre a empresa - Montemil Industrial<\/title>\n<meta name=\"description\" content=\"A hist\u00f3ria da Montemil Industrial teve seu inicio em 1986, com a presta\u00e7\u00e3o de servi\u00e7os especializados de montagem e manuten\u00e7\u00e3o industrial de frigor\u00edficos.\" \/>\n<meta name=\"robots\" content=\"index, follow, max-snippet:-1, max-image-preview:large, max-video-preview:-1\" \/>\n<link rel=\"canonical\" href=\"https:\/\/montemil.com.br\/site\/sobre-empresa\/\" \/>\n<meta property=\"og:locale\" content=\"pt_BR\" \/>\n<meta property=\"og:type\" content=\"article\" \/>\n<meta property=\"og:title\" content=\"Sobre a empresa - Montemil Industrial\" \/>\n<meta property=\"og:description\" content=\"A hist\u00f3ria da Montemil Industrial teve seu inicio em 1986, com a presta\u00e7\u00e3o de servi\u00e7os especializados de montagem e manuten\u00e7\u00e3o industrial de frigor\u00edficos.\" \/>\n<meta property=\"og:url\" content=\"https:\/\/montemil.com.br\/site\/sobre-empresa\/\" \/>\n<meta property=\"og:site_name\" content=\"Montemil Industrial\" \/>\n<meta property=\"article:publisher\" content=\"https:\/\/pt-br.facebook.com\/montemil.industrial\" \/>\n<meta property=\"article:modified_time\" content=\"2024-05-23T14:23:42+00:00\" \/>\n<meta name=\"twitter:card\" content=\"summary_large_image\" \/>\n<meta name=\"twitter:label1\" content=\"Est. tempo de leitura\" \/>\n\t<meta name=\"twitter:data1\" content=\"4 minutos\" \/>\n<script type=\"application\/ld+json\" class=\"yoast-schema-graph\">{\"@context\":\"https:\\\/\\\/schema.org\",\"@graph\":[{\"@type\":\"WebPage\",\"@id\":\"https:\\\/\\\/montemil.com.br\\\/site\\\/sobre-empresa\\\/\",\"url\":\"https:\\\/\\\/montemil.com.br\\\/site\\\/sobre-empresa\\\/\",\"name\":\"Sobre a empresa - Montemil Industrial\",\"isPartOf\":{\"@id\":\"https:\\\/\\\/montemil.com.br\\\/site\\\/#website\"},\"datePublished\":\"2017-10-09T16:13:37+00:00\",\"dateModified\":\"2024-05-23T14:23:42+00:00\",\"description\":\"A hist\u00f3ria da Montemil Industrial teve seu inicio em 1986, com a presta\u00e7\u00e3o de servi\u00e7os especializados de montagem e manuten\u00e7\u00e3o industrial de frigor\u00edficos.\",\"breadcrumb\":{\"@id\":\"https:\\\/\\\/montemil.com.br\\\/site\\\/sobre-empresa\\\/#breadcrumb\"},\"inLanguage\":\"pt-BR\",\"potentialAction\":[{\"@type\":\"ReadAction\",\"target\":[\"https:\\\/\\\/montemil.com.br\\\/site\\\/sobre-empresa\\\/\"]}]},{\"@type\":\"BreadcrumbList\",\"@id\":\"https:\\\/\\\/montemil.com.br\\\/site\\\/sobre-empresa\\\/#breadcrumb\",\"itemListElement\":[{\"@type\":\"ListItem\",\"position\":1,\"name\":\"In\u00edcio\",\"item\":\"https:\\\/\\\/montemil.com.br\\\/site\\\/\"},{\"@type\":\"ListItem\",\"position\":2,\"name\":\"Empresa\"}]},{\"@type\":\"WebSite\",\"@id\":\"https:\\\/\\\/montemil.com.br\\\/site\\\/#website\",\"url\":\"https:\\\/\\\/montemil.com.br\\\/site\\\/\",\"name\":\"Montemil Industrial\",\"description\":\"Equipamentos e Servi\u00e7os Industriais\",\"publisher\":{\"@id\":\"https:\\\/\\\/montemil.com.br\\\/site\\\/#organization\"},\"potentialAction\":[{\"@type\":\"SearchAction\",\"target\":{\"@type\":\"EntryPoint\",\"urlTemplate\":\"https:\\\/\\\/montemil.com.br\\\/site\\\/?s={search_term_string}\"},\"query-input\":{\"@type\":\"PropertyValueSpecification\",\"valueRequired\":true,\"valueName\":\"search_term_string\"}}],\"inLanguage\":\"pt-BR\"},{\"@type\":\"Organization\",\"@id\":\"https:\\\/\\\/montemil.com.br\\\/site\\\/#organization\",\"name\":\"Montemil Industrial\",\"url\":\"https:\\\/\\\/montemil.com.br\\\/site\\\/\",\"logo\":{\"@type\":\"ImageObject\",\"inLanguage\":\"pt-BR\",\"@id\":\"https:\\\/\\\/montemil.com.br\\\/site\\\/#\\\/schema\\\/logo\\\/image\\\/\",\"url\":\"https:\\\/\\\/montemil.com.br\\\/site\\\/wp-content\\\/uploads\\\/2018\\\/09\\\/cropped-cropped-cropped-cropped-logo-240.png\",\"contentUrl\":\"https:\\\/\\\/montemil.com.br\\\/site\\\/wp-content\\\/uploads\\\/2018\\\/09\\\/cropped-cropped-cropped-cropped-logo-240.png\",\"width\":240,\"height\":55,\"caption\":\"Montemil Industrial\"},\"image\":{\"@id\":\"https:\\\/\\\/montemil.com.br\\\/site\\\/#\\\/schema\\\/logo\\\/image\\\/\"},\"sameAs\":[\"https:\\\/\\\/pt-br.facebook.com\\\/montemil.industrial\",\"https:\\\/\\\/br.linkedin.com\\\/company\\\/montemil-industrial\",\"https:\\\/\\\/www.youtube.com\\\/c\\\/MontemilBr\"]}]}<\/script>\n<!-- \/ Yoast SEO plugin. -->","yoast_head_json":{"title":"Sobre a empresa - Montemil Industrial","description":"A hist\u00f3ria da Montemil Industrial teve seu inicio em 1986, com a presta\u00e7\u00e3o de servi\u00e7os especializados de montagem e manuten\u00e7\u00e3o industrial de frigor\u00edficos.","robots":{"index":"index","follow":"follow","max-snippet":"max-snippet:-1","max-image-preview":"max-image-preview:large","max-video-preview":"max-video-preview:-1"},"canonical":"https:\/\/montemil.com.br\/site\/sobre-empresa\/","og_locale":"pt_BR","og_type":"article","og_title":"Sobre a empresa - Montemil Industrial","og_description":"A hist\u00f3ria da Montemil Industrial teve seu inicio em 1986, com a presta\u00e7\u00e3o de servi\u00e7os especializados de montagem e manuten\u00e7\u00e3o industrial de frigor\u00edficos.","og_url":"https:\/\/montemil.com.br\/site\/sobre-empresa\/","og_site_name":"Montemil Industrial","article_publisher":"https:\/\/pt-br.facebook.com\/montemil.industrial","article_modified_time":"2024-05-23T14:23:42+00:00","twitter_card":"summary_large_image","twitter_misc":{"Est. tempo de leitura":"4 minutos"},"schema":{"@context":"https:\/\/schema.org","@graph":[{"@type":"WebPage","@id":"https:\/\/montemil.com.br\/site\/sobre-empresa\/","url":"https:\/\/montemil.com.br\/site\/sobre-empresa\/","name":"Sobre a empresa - Montemil Industrial","isPartOf":{"@id":"https:\/\/montemil.com.br\/site\/#website"},"datePublished":"2017-10-09T16:13:37+00:00","dateModified":"2024-05-23T14:23:42+00:00","description":"A hist\u00f3ria da Montemil Industrial teve seu inicio em 1986, com a presta\u00e7\u00e3o de servi\u00e7os especializados de montagem e manuten\u00e7\u00e3o industrial de frigor\u00edficos.","breadcrumb":{"@id":"https:\/\/montemil.com.br\/site\/sobre-empresa\/#breadcrumb"},"inLanguage":"pt-BR","potentialAction":[{"@type":"ReadAction","target":["https:\/\/montemil.com.br\/site\/sobre-empresa\/"]}]},{"@type":"BreadcrumbList","@id":"https:\/\/montemil.com.br\/site\/sobre-empresa\/#breadcrumb","itemListElement":[{"@type":"ListItem","position":1,"name":"In\u00edcio","item":"https:\/\/montemil.com.br\/site\/"},{"@type":"ListItem","position":2,"name":"Empresa"}]},{"@type":"WebSite","@id":"https:\/\/montemil.com.br\/site\/#website","url":"https:\/\/montemil.com.br\/site\/","name":"Montemil Industrial","description":"Equipamentos e Servi\u00e7os Industriais","publisher":{"@id":"https:\/\/montemil.com.br\/site\/#organization"},"potentialAction":[{"@type":"SearchAction","target":{"@type":"EntryPoint","urlTemplate":"https:\/\/montemil.com.br\/site\/?s={search_term_string}"},"query-input":{"@type":"PropertyValueSpecification","valueRequired":true,"valueName":"search_term_string"}}],"inLanguage":"pt-BR"},{"@type":"Organization","@id":"https:\/\/montemil.com.br\/site\/#organization","name":"Montemil Industrial","url":"https:\/\/montemil.com.br\/site\/","logo":{"@type":"ImageObject","inLanguage":"pt-BR","@id":"https:\/\/montemil.com.br\/site\/#\/schema\/logo\/image\/","url":"https:\/\/montemil.com.br\/site\/wp-content\/uploads\/2018\/09\/cropped-cropped-cropped-cropped-logo-240.png","contentUrl":"https:\/\/montemil.com.br\/site\/wp-content\/uploads\/2018\/09\/cropped-cropped-cropped-cropped-logo-240.png","width":240,"height":55,"caption":"Montemil Industrial"},"image":{"@id":"https:\/\/montemil.com.br\/site\/#\/schema\/logo\/image\/"},"sameAs":["https:\/\/pt-br.facebook.com\/montemil.industrial","https:\/\/br.linkedin.com\/company\/montemil-industrial","https:\/\/www.youtube.com\/c\/MontemilBr"]}]}},"guten_post_layout_featured_media_urls":{"full":false,"thumbnail":false,"medium":false,"medium_large":false,"large":false,"1536x1536":false,"2048x2048":false,"pl-blogpost-landscape":false,"pl-blogpost-square":false,"guten_post_layout_landscape_large":false,"guten_post_layout_portrait_large":false,"guten_post_layout_square_large":false,"guten_post_layout_landscape":false,"guten_post_layout_portrait":false,"guten_post_layout_square":false,"induzy-grid-large":false,"induzy-grid-medium":false,"induzy-grid-small":false,"iy-team-medium":false},"_links":{"self":[{"href":"https:\/\/montemil.com.br\/site\/wp-json\/wp\/v2\/pages\/458","targetHints":{"allow":["GET"]}}],"collection":[{"href":"https:\/\/montemil.com.br\/site\/wp-json\/wp\/v2\/pages"}],"about":[{"href":"https:\/\/montemil.com.br\/site\/wp-json\/wp\/v2\/types\/page"}],"author":[{"embeddable":true,"href":"https:\/\/montemil.com.br\/site\/wp-json\/wp\/v2\/users\/1"}],"replies":[{"embeddable":true,"href":"https:\/\/montemil.com.br\/site\/wp-json\/wp\/v2\/comments?post=458"}],"version-history":[{"count":24,"href":"https:\/\/montemil.com.br\/site\/wp-json\/wp\/v2\/pages\/458\/revisions"}],"predecessor-version":[{"id":5283,"href":"https:\/\/montemil.com.br\/site\/wp-json\/wp\/v2\/pages\/458\/revisions\/5283"}],"wp:attachment":[{"href":"https:\/\/montemil.com.br\/site\/wp-json\/wp\/v2\/media?parent=458"}],"curies":[{"name":"wp","href":"https:\/\/api.w.org\/{rel}","templated":true}]}}