{"id":1019,"date":"2017-10-26T11:50:40","date_gmt":"2017-10-26T13:50:40","guid":{"rendered":"http:\/\/demo.zozothemes.com\/induzy\/?page_id=1019"},"modified":"2024-05-22T11:11:14","modified_gmt":"2024-05-22T14:11:14","slug":"contato","status":"publish","type":"page","link":"https:\/\/montemil.com.br\/site\/contato\/","title":{"rendered":"Contato"},"content":{"rendered":"<p>[vc_row][vc_column offset=&#8221;vc_col-lg-8 vc_col-md-8&#8243;]<div class=\"section-title-wrapper shortcode-rand-1 induzy-inline-css\" data-css=\"&quot;.shortcode-rand-1 .title-separator.separator-border { background-color: ; }.shortcode-rand-1 .section-title { text-transform: uppercase; }&quot;\"><div class=\"title-wrap\"><h3 class=\"section-title\">Contato<\/h3><span class=\"title-separator separator-border theme-color-bg\"><\/span><\/div><!-- .title-wrap --><div class=\"section-description\">Perguntas, d\u00favidas ou sugest\u00f5es? Por favor, preencha o formul\u00e1rio abaixo. Vamos ler a sua mensagem e retornar a voc\u00ea mais informa\u00e7\u00f5es o mais r\u00e1pido poss\u00edvel.<\/div><!-- .section-description --><\/div><!-- .section-title-wrapper --><style id=\"wpforms-css-vars-4541\">\n\t\t\t\t#wpforms-4541 {\n\t\t\t\t\n\t\t\t}\n\t\t\t<\/style><div class=\"wpforms-container wpforms-container-full wpforms-render-modern\" id=\"wpforms-4541\"><form id=\"wpforms-form-4541\" class=\"wpforms-validate wpforms-form wpforms-ajax-form\" data-formid=\"4541\" method=\"post\" enctype=\"multipart\/form-data\" action=\"\/site\/wp-json\/wp\/v2\/pages\/1019\" data-token=\"8ddc08bd085b9fdee30f3f7f28618d9b\" data-token-time=\"1775600395\"><noscript class=\"wpforms-error-noscript\">Ative o JavaScript no seu navegador para preencher este formul\u00e1rio.<\/noscript><div id=\"wpforms-error-noscript\" style=\"display: none;\">Ative o JavaScript no seu navegador para preencher este formul\u00e1rio.<\/div><div class=\"wpforms-field-container\"><div id=\"wpforms-4541-field_0-container\" class=\"wpforms-field wpforms-field-name\" data-field-id=\"0\"><fieldset><legend class=\"wpforms-field-label\">Nome <span class=\"wpforms-required-label\" aria-hidden=\"true\">*<\/span><\/legend><div class=\"wpforms-field-row wpforms-field-medium\"><div class=\"wpforms-field-row-block wpforms-first wpforms-one-half\"><input type=\"text\" id=\"wpforms-4541-field_0\" class=\"wpforms-field-name-first wpforms-field-required\" name=\"wpforms[fields][0][first]\" aria-errormessage=\"wpforms-4541-field_0-error\" required><label for=\"wpforms-4541-field_0\" class=\"wpforms-field-sublabel after\">Nome<\/label><\/div><div class=\"wpforms-field-row-block wpforms-one-half\"><input type=\"text\" id=\"wpforms-4541-field_0-last\" class=\"wpforms-field-name-last wpforms-field-required\" name=\"wpforms[fields][0][last]\" aria-errormessage=\"wpforms-4541-field_0-last-error\" required><label for=\"wpforms-4541-field_0-last\" class=\"wpforms-field-sublabel after\">Sobrenome<\/label><\/div><\/div><\/fieldset><\/div><div id=\"wpforms-4541-field_1-container\" class=\"wpforms-field wpforms-field-email\" data-field-id=\"1\"><label class=\"wpforms-field-label\" for=\"wpforms-4541-field_1\">E-mail <span class=\"wpforms-required-label\" aria-hidden=\"true\">*<\/span><\/label><input type=\"email\" id=\"wpforms-4541-field_1\" class=\"wpforms-field-medium wpforms-field-required\" name=\"wpforms[fields][1]\" spellcheck=\"false\" aria-errormessage=\"wpforms-4541-field_1-error\" required><\/div><div id=\"wpforms-4541-field_2-container\" class=\"wpforms-field wpforms-field-textarea\" data-field-id=\"2\"><label class=\"wpforms-field-label\" for=\"wpforms-4541-field_2\">Coment\u00e1rio ou Mensagem<\/label><textarea id=\"wpforms-4541-field_2\" class=\"wpforms-field-medium\" name=\"wpforms[fields][2]\" aria-errormessage=\"wpforms-4541-field_2-error\" ><\/textarea><\/div><\/div><!-- .wpforms-field-container --><div class=\"wpforms-recaptcha-container wpforms-is-recaptcha wpforms-is-recaptcha-type-v2\" ><div class=\"g-recaptcha\" data-sitekey=\"6Lf2zuQpAAAAAC7Pe_sy7hbXS2XKF10KQ7S2soEr\"><\/div><input type=\"text\" name=\"g-recaptcha-hidden\" class=\"wpforms-recaptcha-hidden\" style=\"position:absolute!important;clip:rect(0,0,0,0)!important;height:1px!important;width:1px!important;border:0!important;overflow:hidden!important;padding:0!important;margin:0!important;\" data-rule-recaptcha=\"1\"><\/div><div class=\"wpforms-submit-container\" ><input type=\"hidden\" name=\"wpforms[id]\" value=\"4541\"><input type=\"hidden\" name=\"page_title\" value=\"\"><input type=\"hidden\" name=\"page_url\" value=\"https:\/\/montemil.com.br\/site\/wp-json\/wp\/v2\/pages\/1019\"><input type=\"hidden\" name=\"url_referer\" value=\"\"><button type=\"submit\" name=\"wpforms[submit]\" id=\"wpforms-submit-4541\" class=\"wpforms-submit\" data-alt-text=\"Enviando\u2026\" data-submit-text=\"Enviar\" aria-live=\"assertive\" value=\"wpforms-submit\">Enviar<\/button><img decoding=\"async\" src=\"https:\/\/montemil.com.br\/site\/wp-content\/plugins\/wpforms-lite\/assets\/images\/submit-spin.svg\" class=\"wpforms-submit-spinner\" style=\"display: none;\" width=\"26\" height=\"26\" alt=\"Carregando\"><\/div><\/form><\/div>  <!-- .wpforms-container -->[\/vc_column][vc_column offset=&#8221;vc_col-lg-4 vc_col-md-4&#8243; el_class=&#8221;pl-lg-4&#8243; css=&#8221;.vc_custom_1700160338661{background-color: #ffcd8c !important;}&#8221;][vc_gmaps link=&#8221;#E-8_JTNDaWZyYW1lJTIwc3JjJTNEJTIyaHR0cHMlM0ElMkYlMkZ3d3cuZ29vZ2xlLmNvbSUyRm1hcHMlMkZlbWJlZCUzRnBiJTNEJTIxMW0xOCUyMTFtMTIlMjExbTMlMjExZDE3NzYuMjc1MjAzNTI1NzEyOSUyMTJkLTUyLjY0MTE0NjE3MDMyMjg1NSUyMTNkLTI3LjA3NTkzNTg5NTQ5MDUwNiUyMTJtMyUyMTFmMCUyMTJmMCUyMTNmMCUyMTNtMiUyMTFpMTAyNCUyMTJpNzY4JTIxNGYxMy4xJTIxM20zJTIxMW0yJTIxMXMweDk0ZTRiNWI4Y2MwOGJhNDElMjUzQTB4NGI2ODE2NGEwYWI4MTA1MCUyMTJzTW9udGVtaWwlMjUyMEluZHVzdHJpYWwlMjE1ZTAlMjEzbTIlMjExc3B0LUJSJTIxMnNiciUyMTR2MTY5NjQ0MzMxOTIyNSUyMTVtMiUyMTFzcHQtQlIlMjEyc2JyJTIyJTIwd2lkdGglM0QlMjI2MDAlMjIlMjBoZWlnaHQlM0QlMjI0NTAlMjIlMjBzdHlsZSUzRCUyMmJvcmRlciUzQTAlM0IlMjIlMjBhbGxvd2Z1bGxzY3JlZW4lM0QlMjIlMjIlMjBsb2FkaW5nJTNEJTIybGF6eSUyMiUyMHJlZmVycmVycG9saWN5JTNEJTIybm8tcmVmZXJyZXItd2hlbi1kb3duZ3JhZGUlMjIlM0UlM0MlMkZpZnJhbWUlM0U=&#8221;]<div class=\"feature-box-wrapper feature-box-style-1 shortcode-rand-2 induzy-inline-css feature-list-1\" data-css=\"&quot;.shortcode-rand-2.feature-box-wrapper .section-title { color: #000000; }.shortcode-rand-2.feature-box-wrapper .section-title { text-transform: uppercase; }.shortcode-rand-2.feature-box-wrapper { color: #000000; }.shortcode-rand-2.feature-box-wrapper {background: -moz-linear-gradient(141deg,  0%,  51%,  75%);\\r\\n\\t\\t\\t\\tbackground: -webkit-linear-gradient(141deg,  0%,  51%,  75%);\\r\\n\\t\\t\\t\\tbackground: linear-gradient(141deg,  0%,  51%,  75%);}.shortcode-rand-2 .feature-box-icon { font-size: 25px; }.shortcode-rand-2 .feature-box-icon { height: 50px; width: 50px; }.shortcode-rand-2 .feature-box-icon &gt; span { line-height: 2; }.shortcode-rand-2:hover .feature-box-icon { color: #000000; }.shortcode-rand-2 .feature-box-icon { background-color: #ffffff; }.shortcode-rand-2:hover .feature-box-icon { background-color: #ffffff; }&quot;\" ><div class=\"fbox-list\"><div class=\"media\"><div class=\"feature-box-icon mr-3 text-center rounded-circle theme-color\"><span class=\"fa fa-map-marker\"><\/span><\/div><!-- .feature-box-icon --><div class=\"media-body\"><div class=\"feature-box-title\"><h5 class=\"section-title\">Localiza\u00e7\u00e3o<\/h5><\/div><!-- .feature-box-title --><div class=\"feature-box-content\">R. Afonso Pena 2055D,<br \/>\nBairro Alvorada,\u00a0Chapec\u00f3<br \/>\nSanta Catarina &#8211; Brasil<\/div><!-- .feature-box-content --><\/div><\/div><\/div><\/div><!-- .feature-box-wrapper --><div class=\"feature-box-wrapper feature-box-style-1 shortcode-rand-3 induzy-inline-css feature-list-1\" data-css=\"&quot;.shortcode-rand-3.feature-box-wrapper .section-title { color: #000000; }.shortcode-rand-3.feature-box-wrapper .section-title { text-transform: uppercase; }.shortcode-rand-3.feature-box-wrapper { color: #000000; }.shortcode-rand-3.feature-box-wrapper {background: -moz-linear-gradient(141deg,  0%,  51%,  75%);\\r\\n\\t\\t\\t\\tbackground: -webkit-linear-gradient(141deg,  0%,  51%,  75%);\\r\\n\\t\\t\\t\\tbackground: linear-gradient(141deg,  0%,  51%,  75%);}.shortcode-rand-3 .feature-box-icon { font-size: 25px; }.shortcode-rand-3 .feature-box-icon { height: 50px; width: 50px; }.shortcode-rand-3 .feature-box-icon &gt; span { line-height: 2; }.shortcode-rand-3:hover .feature-box-icon { color: #000000; }.shortcode-rand-3 .feature-box-icon { background-color: #ffffff; }.shortcode-rand-3:hover .feature-box-icon { background-color: #ffffff; }&quot;\" ><div class=\"fbox-list\"><div class=\"media\"><div class=\"feature-box-icon mr-3 text-center rounded-circle theme-color\"><span class=\"fa fa-id-badge\"><\/span><\/div><!-- .feature-box-icon --><div class=\"media-body\"><div class=\"feature-box-title\"><h5 class=\"section-title\">Telefone<\/h5><\/div><!-- .feature-box-title --><div class=\"feature-box-content\">+55 (49) 3319-7200<\/div><!-- .feature-box-content --><\/div><\/div><\/div><\/div><!-- .feature-box-wrapper --><div class=\"feature-box-wrapper feature-box-style-1 shortcode-rand-4 induzy-inline-css feature-list-1\" data-css=\"&quot;.shortcode-rand-4.feature-box-wrapper .section-title { color: #000000; }.shortcode-rand-4.feature-box-wrapper .section-title { text-transform: uppercase; }.shortcode-rand-4.feature-box-wrapper { color: #000000; }.shortcode-rand-4.feature-box-wrapper {background: -moz-linear-gradient(141deg,  0%,  51%,  75%);\\r\\n\\t\\t\\t\\tbackground: -webkit-linear-gradient(141deg,  0%,  51%,  75%);\\r\\n\\t\\t\\t\\tbackground: linear-gradient(141deg,  0%,  51%,  75%);}.shortcode-rand-4 .feature-box-icon { font-size: 25px; }.shortcode-rand-4 .feature-box-icon { height: 50px; width: 50px; }.shortcode-rand-4 .feature-box-icon &gt; span { line-height: 2; }.shortcode-rand-4:hover .feature-box-icon { color: #000000; }.shortcode-rand-4 .feature-box-icon { background-color: #ffffff; }.shortcode-rand-4:hover .feature-box-icon { background-color: #ffffff; }&quot;\" ><div class=\"fbox-list\"><div class=\"media\"><div class=\"feature-box-icon mr-3 text-center rounded-circle theme-color\"><span class=\"fas fa-envelope\"><\/span><\/div><!-- .feature-box-icon --><div class=\"media-body\"><div class=\"feature-box-title\"><h5 class=\"section-title\">E-mail<\/h5><\/div><!-- .feature-box-title --><div class=\"feature-box-content\">recepcao@montemil.com.br<\/div><!-- .feature-box-content --><\/div><\/div><\/div><\/div><!-- .feature-box-wrapper -->[\/vc_column][\/vc_row][vc_row full_width=&#8221;stretch_row_content_no_spaces&#8221; css=&#8221;.vc_custom_1509020012431{padding-top: 0px !important;padding-bottom: 0px !important;}&#8221;][vc_column][\/vc_column][\/vc_row]<\/p>\n","protected":false},"excerpt":{"rendered":"<p>[vc_row][vc_column offset=&#8221;vc_col-lg-8 vc_col-md-8&#8243;][\/vc_column][vc_column offset=&#8221;vc_col-lg-4 vc_col-md-4&#8243; el_class=&#8221;pl-lg-4&#8243; css=&#8221;.vc_custom_1700160338661{background-color: #ffcd8c !important;}&#8221;][vc_gmaps link=&#8221;#E-8_JTNDaWZyYW1lJTIwc3JjJTNEJTIyaHR0cHMlM0ElMkYlMkZ3d3cuZ29vZ2xlLmNvbSUyRm1hcHMlMkZlbWJlZCUzRnBiJTNEJTIxMW0xOCUyMTFtMTIlMjExbTMlMjExZDE3NzYuMjc1MjAzNTI1NzEyOSUyMTJkLTUyLjY0MTE0NjE3MDMyMjg1NSUyMTNkLTI3LjA3NTkzNTg5NTQ5MDUwNiUyMTJtMyUyMTFmMCUyMTJmMCUyMTNmMCUyMTNtMiUyMTFpMTAyNCUyMTJpNzY4JTIxNGYxMy4xJTIxM20zJTIxMW0yJTIxMXMweDk0ZTRiNWI4Y2MwOGJhNDElMjUzQTB4NGI2ODE2NGEwYWI4MTA1MCUyMTJzTW9udGVtaWwlMjUyMEluZHVzdHJpYWwlMjE1ZTAlMjEzbTIlMjExc3B0LUJSJTIxMnNiciUyMTR2MTY5NjQ0MzMxOTIyNSUyMTVtMiUyMTFzcHQtQlIlMjEyc2JyJTIyJTIwd2lkdGglM0QlMjI2MDAlMjIlMjBoZWlnaHQlM0QlMjI0NTAlMjIlMjBzdHlsZSUzRCUyMmJvcmRlciUzQTAlM0IlMjIlMjBhbGxvd2Z1bGxzY3JlZW4lM0QlMjIlMjIlMjBsb2FkaW5nJTNEJTIybGF6eSUyMiUyMHJlZmVycmVycG9saWN5JTNEJTIybm8tcmVmZXJyZXItd2hlbi1kb3duZ3JhZGUlMjIlM0UlM0MlMkZpZnJhbWUlM0U=&#8221;][\/vc_column][\/vc_row][vc_row full_width=&#8221;stretch_row_content_no_spaces&#8221; css=&#8221;.vc_custom_1509020012431{padding-top: 0px !important;padding-bottom: 0px !important;}&#8221;][vc_column][\/vc_column][\/vc_row]<\/p>\n","protected":false},"author":1,"featured_media":0,"parent":0,"menu_order":0,"comment_status":"closed","ping_status":"closed","template":"","meta":{"_joinchat":[],"footnotes":""},"class_list":["post-1019","page","type-page","status-publish","hentry"],"yoast_head":"<!-- This site is optimized with the Yoast SEO plugin v27.3 - https:\/\/yoast.com\/product\/yoast-seo-wordpress\/ -->\n<title>\u00c1rea de contato - Montemil Industrial<\/title>\n<meta name=\"description\" content=\"Perguntas, d\u00favidas ou sugest\u00f5es? Por favor, preencha o formul\u00e1rio abaixo. Vamos ler a sua mensagem e retornar a voc\u00ea mais informa\u00e7\u00f5es.\" \/>\n<meta name=\"robots\" content=\"index, follow, max-snippet:-1, max-image-preview:large, max-video-preview:-1\" \/>\n<link rel=\"canonical\" href=\"https:\/\/montemil.com.br\/site\/contato\/\" \/>\n<meta property=\"og:locale\" content=\"pt_BR\" \/>\n<meta property=\"og:type\" content=\"article\" \/>\n<meta property=\"og:title\" content=\"\u00c1rea de contato - Montemil Industrial\" \/>\n<meta property=\"og:description\" content=\"Perguntas, d\u00favidas ou sugest\u00f5es? Por favor, preencha o formul\u00e1rio abaixo. Vamos ler a sua mensagem e retornar a voc\u00ea mais informa\u00e7\u00f5es.\" \/>\n<meta property=\"og:url\" content=\"https:\/\/montemil.com.br\/site\/contato\/\" \/>\n<meta property=\"og:site_name\" content=\"Montemil Industrial\" \/>\n<meta property=\"article:publisher\" content=\"https:\/\/pt-br.facebook.com\/montemil.industrial\" \/>\n<meta property=\"article:modified_time\" content=\"2024-05-22T14:11:14+00:00\" \/>\n<meta name=\"twitter:card\" content=\"summary_large_image\" \/>\n<meta name=\"twitter:label1\" content=\"Est. tempo de leitura\" \/>\n\t<meta name=\"twitter:data1\" content=\"1 minuto\" \/>\n<script type=\"application\/ld+json\" class=\"yoast-schema-graph\">{\"@context\":\"https:\\\/\\\/schema.org\",\"@graph\":[{\"@type\":\"WebPage\",\"@id\":\"https:\\\/\\\/montemil.com.br\\\/site\\\/contato\\\/\",\"url\":\"https:\\\/\\\/montemil.com.br\\\/site\\\/contato\\\/\",\"name\":\"\u00c1rea de contato - Montemil Industrial\",\"isPartOf\":{\"@id\":\"https:\\\/\\\/montemil.com.br\\\/site\\\/#website\"},\"datePublished\":\"2017-10-26T13:50:40+00:00\",\"dateModified\":\"2024-05-22T14:11:14+00:00\",\"description\":\"Perguntas, d\u00favidas ou sugest\u00f5es? Por favor, preencha o formul\u00e1rio abaixo. Vamos ler a sua mensagem e retornar a voc\u00ea mais informa\u00e7\u00f5es.\",\"breadcrumb\":{\"@id\":\"https:\\\/\\\/montemil.com.br\\\/site\\\/contato\\\/#breadcrumb\"},\"inLanguage\":\"pt-BR\",\"potentialAction\":[{\"@type\":\"ReadAction\",\"target\":[\"https:\\\/\\\/montemil.com.br\\\/site\\\/contato\\\/\"]}]},{\"@type\":\"BreadcrumbList\",\"@id\":\"https:\\\/\\\/montemil.com.br\\\/site\\\/contato\\\/#breadcrumb\",\"itemListElement\":[{\"@type\":\"ListItem\",\"position\":1,\"name\":\"In\u00edcio\",\"item\":\"https:\\\/\\\/montemil.com.br\\\/site\\\/\"},{\"@type\":\"ListItem\",\"position\":2,\"name\":\"Contato\"}]},{\"@type\":\"WebSite\",\"@id\":\"https:\\\/\\\/montemil.com.br\\\/site\\\/#website\",\"url\":\"https:\\\/\\\/montemil.com.br\\\/site\\\/\",\"name\":\"Montemil Industrial\",\"description\":\"Equipamentos e Servi\u00e7os Industriais\",\"publisher\":{\"@id\":\"https:\\\/\\\/montemil.com.br\\\/site\\\/#organization\"},\"potentialAction\":[{\"@type\":\"SearchAction\",\"target\":{\"@type\":\"EntryPoint\",\"urlTemplate\":\"https:\\\/\\\/montemil.com.br\\\/site\\\/?s={search_term_string}\"},\"query-input\":{\"@type\":\"PropertyValueSpecification\",\"valueRequired\":true,\"valueName\":\"search_term_string\"}}],\"inLanguage\":\"pt-BR\"},{\"@type\":\"Organization\",\"@id\":\"https:\\\/\\\/montemil.com.br\\\/site\\\/#organization\",\"name\":\"Montemil Industrial\",\"url\":\"https:\\\/\\\/montemil.com.br\\\/site\\\/\",\"logo\":{\"@type\":\"ImageObject\",\"inLanguage\":\"pt-BR\",\"@id\":\"https:\\\/\\\/montemil.com.br\\\/site\\\/#\\\/schema\\\/logo\\\/image\\\/\",\"url\":\"https:\\\/\\\/montemil.com.br\\\/site\\\/wp-content\\\/uploads\\\/2018\\\/09\\\/cropped-cropped-cropped-cropped-logo-240.png\",\"contentUrl\":\"https:\\\/\\\/montemil.com.br\\\/site\\\/wp-content\\\/uploads\\\/2018\\\/09\\\/cropped-cropped-cropped-cropped-logo-240.png\",\"width\":240,\"height\":55,\"caption\":\"Montemil Industrial\"},\"image\":{\"@id\":\"https:\\\/\\\/montemil.com.br\\\/site\\\/#\\\/schema\\\/logo\\\/image\\\/\"},\"sameAs\":[\"https:\\\/\\\/pt-br.facebook.com\\\/montemil.industrial\",\"https:\\\/\\\/br.linkedin.com\\\/company\\\/montemil-industrial\",\"https:\\\/\\\/www.youtube.com\\\/c\\\/MontemilBr\"]}]}<\/script>\n<!-- \/ Yoast SEO plugin. -->","yoast_head_json":{"title":"\u00c1rea de contato - Montemil Industrial","description":"Perguntas, d\u00favidas ou sugest\u00f5es? Por favor, preencha o formul\u00e1rio abaixo. Vamos ler a sua mensagem e retornar a voc\u00ea mais informa\u00e7\u00f5es.","robots":{"index":"index","follow":"follow","max-snippet":"max-snippet:-1","max-image-preview":"max-image-preview:large","max-video-preview":"max-video-preview:-1"},"canonical":"https:\/\/montemil.com.br\/site\/contato\/","og_locale":"pt_BR","og_type":"article","og_title":"\u00c1rea de contato - Montemil Industrial","og_description":"Perguntas, d\u00favidas ou sugest\u00f5es? Por favor, preencha o formul\u00e1rio abaixo. Vamos ler a sua mensagem e retornar a voc\u00ea mais informa\u00e7\u00f5es.","og_url":"https:\/\/montemil.com.br\/site\/contato\/","og_site_name":"Montemil Industrial","article_publisher":"https:\/\/pt-br.facebook.com\/montemil.industrial","article_modified_time":"2024-05-22T14:11:14+00:00","twitter_card":"summary_large_image","twitter_misc":{"Est. tempo de leitura":"1 minuto"},"schema":{"@context":"https:\/\/schema.org","@graph":[{"@type":"WebPage","@id":"https:\/\/montemil.com.br\/site\/contato\/","url":"https:\/\/montemil.com.br\/site\/contato\/","name":"\u00c1rea de contato - Montemil Industrial","isPartOf":{"@id":"https:\/\/montemil.com.br\/site\/#website"},"datePublished":"2017-10-26T13:50:40+00:00","dateModified":"2024-05-22T14:11:14+00:00","description":"Perguntas, d\u00favidas ou sugest\u00f5es? Por favor, preencha o formul\u00e1rio abaixo. Vamos ler a sua mensagem e retornar a voc\u00ea mais informa\u00e7\u00f5es.","breadcrumb":{"@id":"https:\/\/montemil.com.br\/site\/contato\/#breadcrumb"},"inLanguage":"pt-BR","potentialAction":[{"@type":"ReadAction","target":["https:\/\/montemil.com.br\/site\/contato\/"]}]},{"@type":"BreadcrumbList","@id":"https:\/\/montemil.com.br\/site\/contato\/#breadcrumb","itemListElement":[{"@type":"ListItem","position":1,"name":"In\u00edcio","item":"https:\/\/montemil.com.br\/site\/"},{"@type":"ListItem","position":2,"name":"Contato"}]},{"@type":"WebSite","@id":"https:\/\/montemil.com.br\/site\/#website","url":"https:\/\/montemil.com.br\/site\/","name":"Montemil Industrial","description":"Equipamentos e Servi\u00e7os Industriais","publisher":{"@id":"https:\/\/montemil.com.br\/site\/#organization"},"potentialAction":[{"@type":"SearchAction","target":{"@type":"EntryPoint","urlTemplate":"https:\/\/montemil.com.br\/site\/?s={search_term_string}"},"query-input":{"@type":"PropertyValueSpecification","valueRequired":true,"valueName":"search_term_string"}}],"inLanguage":"pt-BR"},{"@type":"Organization","@id":"https:\/\/montemil.com.br\/site\/#organization","name":"Montemil Industrial","url":"https:\/\/montemil.com.br\/site\/","logo":{"@type":"ImageObject","inLanguage":"pt-BR","@id":"https:\/\/montemil.com.br\/site\/#\/schema\/logo\/image\/","url":"https:\/\/montemil.com.br\/site\/wp-content\/uploads\/2018\/09\/cropped-cropped-cropped-cropped-logo-240.png","contentUrl":"https:\/\/montemil.com.br\/site\/wp-content\/uploads\/2018\/09\/cropped-cropped-cropped-cropped-logo-240.png","width":240,"height":55,"caption":"Montemil Industrial"},"image":{"@id":"https:\/\/montemil.com.br\/site\/#\/schema\/logo\/image\/"},"sameAs":["https:\/\/pt-br.facebook.com\/montemil.industrial","https:\/\/br.linkedin.com\/company\/montemil-industrial","https:\/\/www.youtube.com\/c\/MontemilBr"]}]}},"guten_post_layout_featured_media_urls":{"full":false,"thumbnail":false,"medium":false,"medium_large":false,"large":false,"1536x1536":false,"2048x2048":false,"pl-blogpost-landscape":false,"pl-blogpost-square":false,"guten_post_layout_landscape_large":false,"guten_post_layout_portrait_large":false,"guten_post_layout_square_large":false,"guten_post_layout_landscape":false,"guten_post_layout_portrait":false,"guten_post_layout_square":false,"induzy-grid-large":false,"induzy-grid-medium":false,"induzy-grid-small":false,"iy-team-medium":false},"_links":{"self":[{"href":"https:\/\/montemil.com.br\/site\/wp-json\/wp\/v2\/pages\/1019","targetHints":{"allow":["GET"]}}],"collection":[{"href":"https:\/\/montemil.com.br\/site\/wp-json\/wp\/v2\/pages"}],"about":[{"href":"https:\/\/montemil.com.br\/site\/wp-json\/wp\/v2\/types\/page"}],"author":[{"embeddable":true,"href":"https:\/\/montemil.com.br\/site\/wp-json\/wp\/v2\/users\/1"}],"replies":[{"embeddable":true,"href":"https:\/\/montemil.com.br\/site\/wp-json\/wp\/v2\/comments?post=1019"}],"version-history":[{"count":18,"href":"https:\/\/montemil.com.br\/site\/wp-json\/wp\/v2\/pages\/1019\/revisions"}],"predecessor-version":[{"id":5281,"href":"https:\/\/montemil.com.br\/site\/wp-json\/wp\/v2\/pages\/1019\/revisions\/5281"}],"wp:attachment":[{"href":"https:\/\/montemil.com.br\/site\/wp-json\/wp\/v2\/media?parent=1019"}],"curies":[{"name":"wp","href":"https:\/\/api.w.org\/{rel}","templated":true}]}}